{"id":1250,"date":"2020-12-06T12:39:01","date_gmt":"2020-12-06T11:39:01","guid":{"rendered":"https:\/\/www.sartoriasoldi.com\/?page_id=1250"},"modified":"2020-12-11T22:53:36","modified_gmt":"2020-12-11T21:53:36","slug":"privacy-policy","status":"publish","type":"page","link":"https:\/\/www.sartoriasoldi.com\/en\/privacy-policy\/","title":{"rendered":"Privacy Policy"},"content":{"rendered":"<h2 class=\"wp-block-heading\">Informativa e richiesta di consenso per il trattamento dei dati personali<\/h2>\n\n\n\n<p>ai sensi e per gli effetti degli articoli 6 e 13 del Regolamento 2016\/670\/UE del Parlamento europeo e del Consiglio del 27 aprile 2016, relativo alla protezione delle persone fisiche con riguardo al trattamento dei dati personali, nonch\u00e9 alla libera circolazione dei dati.<\/p>\n\n\n\n<div class=\"wp-block-group\"><div class=\"wp-block-group__inner-container is-layout-flow wp-block-group-is-layout-flow\">\n<ol class=\"wp-block-list\"><li><strong>IDENTITA&#8217; E DATI DI CONTATTO DEL TITOLARE DEL TRATTAMENTO:<\/strong> il titolare del trattamento dei dati \u00e8 la SARTORIA SOLDI di SOLDI FRANCESCA con sede in VIA SAN FRANCESCO D?ASSISI 3 C-E BRESCIA . C.F. e P.IVA: SLDFNC73E54B157T; 03650640984 ed email francesca.soldi@hotmail.com;<br><\/li><li><strong>CATEGORIE DI DATI:<\/strong> i dati personali di persone fisiche trattati dalla SARTORIA SORDI di FRANCESCA SOLDI sono esclusivamente quelli non appartenenti alle cos\u00ec dette &#8220;categorie particolari&#8221; (vedi art. 9 GDPR) quali, ad esempio, anagrafica, contatto telefonico e di posta elettronica, riferimenti bancari. Ove il soggetto che conferisce i dati abbia un&#8217;et\u00e0 inferiore ai 14 anni, il relativo consenso dovr\u00e0 essere prestato o autorizzato dal titolare della responsabilit\u00e0 genitoriale in relazione al quale vengono acquisiti i dati identificativi e copia dei documenti di riconoscimento.<br><\/li><li><strong>FINALITA&#8217; e BASE GIURIDICA DEL TRATTAMENTO:<\/strong> i suoi dati personali verranno trattati per le seguenti finalit\u00e0:<ul><li><strong>a)<\/strong> l&#8217;esplicazione degli adempimenti amministrativi, contabili, civilistici e fiscali obbligatori relativi all&#8217;interessato;<\/li><li><strong>b)<\/strong> la gestione a livello amministrativo e commerciale del rapporto contrattuale; la gestione e l&#8217;esecuzione dei contratti stipulati con l&#8217;interessato, comprese le prestazioni necessarie per assicurare le forniture, le assistenze post vendita e le garanzie;<\/li><li><strong>c)<\/strong> l&#8217;adempimento di specifiche richieste dell&#8217;interessato;                                                  <\/li><li>Il trattamento di cui alle lettere a), b) e c) \u00e8 necessario ad eseguire la specifica richiesta dell&#8217;interessato. Si precisa che le eventuali attivit\u00e0 promozionali hanno lo scopo di raccogliere ed utilizzare dati comunque nell&#8217;ambito delle attivit\u00e0 della <strong>SARTORIA SOLDI di FRANCESCA SOLDI<\/strong>, per elaborare studi, ricerche, statistiche di mercato, inviare materiale pubblicitario ed informativo anche attraverso le newsletter, inviare informazioni commerciali, effettuare comunicazioni commerciali interattive.<br><\/li><\/ul><\/li><li><strong>FONTE DEI DATI:<\/strong> i dati personali dell&#8217;interessato sono raccolti presso la sede del titolare del trattamento, oppure in occasione di fiere, manifestazioni, convegni o di incontri anche presso le sedi dell&#8217;interessato, da parte di dipendenti della SARTORIA SOLDI di SOLDI FRANCESCA o mediante appositi moduli di raccolta presenti sul sito web, per l&#8217;espletamento funzionale delle attivit\u00e0 proprie della societ\u00e0, come specificato al precedente punto 3.<br><\/li><li><strong>MODALITA&#8217; DI TRATTAMENTO:<\/strong> il trattamento potr\u00e0 avvenire con sistemi manuali e\/o automatizzati atti a memorizzare, gestire e trasmettere i dati stessi, con logiche strettamente correlare alle finalit\u00e0 stesse, sulla base dei dati comunicati dall&#8217;interessato e con impegno da parte del medesimo di comunicare tempestivamente al titolare del trattamento eventuali correzioni, integrazioni e\/o aggiornamenti; tali dati verranno gestiti e protetti in ambienti e su dispositivi il cui accesso \u00e8 costantemente sotto il controllo del titolare del trattamento; in particolare i sistemi informativi ed i programmi informatici dal medesimo utilizzati sono configurati in modo tale da limitare allo stretto necessario (sempre nell&#8217;ambito delle predette finalit\u00e0) i trattamenti dei dati personali. I dati sono custoditi in modo da ridurre al minimo i rischi di distruzione e o di perdita dei dati stessi, di accesso non autorizzato o di trattamento non consentito o non conforme a quanto indicato nelle finalit\u00e0.<br><\/li><li><strong>CONSERVAZIONE DEI DATI<\/strong>: i dati raccolti e trattati verranno conservati per un arco di tempo non superiore al conseguimento delle finalit\u00e0 per le quali sono trattati (&#8220;principio di limitazione della conservazione&#8221;, art. 5 GDPR) o in base alle scadenze previste dalle norme di legge (Con espresso riferimento all&#8217;articolo 2220 del Codice Civile). Per le finalit\u00e0 indicate nelle lettere a), b), c), d) del punto 3 il tempo di conservazione \u00e8 quello necessario all&#8217;adempimento delle obbligazioni contrattuali e, in ogni caso, non oltre 10 ani per l&#8217;adempimento di obblighi normativi e, comunque, non oltre i termini fissati dalla legge per la prescrizione dei diritti; per le finalit\u00e0 di cui alle lettere e) ed f) del punto 3 per 36 mesi dal momento del rilascio o di aggiornamento del consenso al trattamento.<br><\/li><li><strong>DESTINATARI DEI DATI PERSONALI:<\/strong> nell&#8217;ambito delle indicate finalit\u00e0, i dati dell&#8217;interessato potranno essere comunicati:<ul><li><strong>a)<\/strong> a centri elaborazione dati e\/o societ\u00e0 di servizi, ivi compresi i servizi di elaborazione elettronica di dati e di consulenza per software ed informatica, esterni all&#8217;organizzazione del titolare del trattamento ma allo stesso strettamente correlati per finalit\u00e0 operativa; ad aziende di credito e\/o finanziarie, ai soggetti incaricati del servizio di trasporto e\/o recapito; ai soggetti incaricati della gestione della corrispondenza;<\/li><li><strong>b)<\/strong> ai consulenti fiscali, al consulente del lavoro, al Legale del cliente, ad altri soggetti incaricati dalla SARTORIA SOLDI di SOLDI FRANCESCA per l&#8217;espletamento delle pratiche di loro competenza o incaricati del recupero dei credit;<\/li><li><strong>c) <\/strong>ad enti pubblici e privati, anche a seguito di ispezioni o verifiche o per l&#8217;espletamento di obblighi derivanti dalla Legge o da Regolamenti obbligatori, dalla Normativa Comunitaria o dalla Normativa secondaria (quali, ad esempio; Amministrazione Finanziaria, organi di Polizia Tributaria, Autorit\u00e0 giudiziarie, Ispettorato del Lavoro, ATS, Enti Previdenziali, Camera di commercio, ecc.); a soggetti che possono accedere ai suoi dati in disposizioni di legge o di normativa secondaria o comunitaria;<\/li><li><strong>d)<\/strong> ad altri soggetti, esterni all&#8217;organizzazione della SARTORIA SOLDI di SOLDI FRANCESCA che si occupano, per conto della medesima, delle attivit\u00e0 di assistenza tecnica, di garanzia e di erogazione di beni e servizi<br><br>L&#8217;ambito di comunicazione dei dati \u00e8 funzionalmente e strettamente correlato a quanto necessario per il perfezionamento della fornitura e\/o la prestazione dei servizi. I soggetti appartenenti alle categorie suddette potrebbero svolgere la funzione di Responsabile del trattamento dei dati, oppure operare in totale autonomia quali Titolari del trattamento dei dati in outsourcing. L&#8217;elenco dei Responsabili del trattamento designati \u00e8 costantemente aggiornato e disponibile presso la sede della SARTORIA SOLDI di SOLDI FRANCESCA. Gli interessati potranno dunque richiedere tale elenco contattando il titolare del trattamento attraverso i canali indicati al punto 1 della presente informativa.<br><\/li><\/ul><\/li><li><strong>DIFFUSIONE<\/strong>: non \u00e8 prevista la possibilit\u00e0 di diffondere i dati personali, se non per la parte web e social (vedi art. 3).<br><\/li><li><strong>CONFERIMENTO<\/strong>: il consenso dell&#8217;interessato dei propri dati nei confronti della SARTORIA SOLDI di SOLDI FRANCESCA non \u00e8 necessario qualora sia presente un contratto intercorso tra le parti o per effettuare misure precontrattuali adottate su richiesta dell&#8217;interessato: in virt\u00f9 dell&#8217;art. 6 comma 1 lettera b) tali dati saranno trattati senza alcuna necessit\u00e0 di consenso, nel caso dei dati funzionali a tali adempimenti, come indicato al punto 3) lettere a), b) e c). Per eventuali ulteriori finalit\u00e0 di cui al punto 3, lettere d), e) e f) \u00e8 invece possibile esprimere liberamente il consenso, secondo il modello CON-CF della pagina seguente. In caso di rifiuto dell&#8217;interessato a conferire i dati o a consentire al loro trattamento potr\u00e0 derivare l&#8217;impossibilit\u00e0 di effettuare le attivit\u00e0 stesse.<br><\/li><li><strong>TRASFERIMENTO DEI DATI<\/strong>: i dati personali forniti non saranno trasferiti all&#8217;esterno dell&#8217;Unione Europea. I dati personali potranno essere trasferiti all&#8217;estero dell&#8217;unione europea previa verifica delle condizioni di trasferimento e della sicurezza del Paese di destinazione (solo se questi vengono dati fuori dall&#8217;unione europea).<br><\/li><li><strong>RIFERIMENTI<\/strong>: la informiamo che, per qualsiasi chiarimento in merito a questi argomenti, potr\u00e0 rivolgersi al titolare del trattamento, anche in caso di incertezza sulla natura di un dato e sul comportamento da tenere per il suo trattamento, facendo riferimento alla Sig.ra Soldi Francesca.<br><\/li><li><strong>DIRITTI DELL&#8217;INTERESSATO<\/strong>: l&#8217;interessato potr\u00e0, in qualsiasi momento, esercitare i diritti di seguito elencati:<ul><li><strong>a)<\/strong> accesso ai dati personali: ottenere la conferma o meno che sia in corso un trattamento di dati che lo riguardano dei dati personali e, in tal caso, l&#8217;accesso alle seguenti informazioni: finalit\u00e0, categorie di dati, destinatari, periodo di conservazione, diritto di proporre reclamo ad un&#8217;autorit\u00e0 di controllo, diritto i richiedere rettifica o cancellazione o limitazione del trattamento o opposizione al trattamento stesso;<\/li><li><strong>b)<\/strong> richiesta di rettifica o cancellazione degli stessi o limitazione del trattamento che lo riguardano; per limitazione si intende il contrassegno dei dati conservati con l&#8217;obiettivo di limitarne il trattamento futuro;<\/li><li><strong>c)<\/strong> opposizione al trattamento: opporsi in tutto o in parte, per motivi connessi alla situazione particolare al trattamento dei dati personali che lo riguardano, ancorch\u00e9 pertinenti allo scopo della raccolta;<\/li><li><strong>d)<\/strong> portabilit\u00e0 dei dati: nel caso di trattamento automatizzato svolto sulla base del consenso o in esecuzione di un contratto, ricevere in un formato strutturato, di uso comune e leggibile da dispositivo automatico, i dati che lo riguardano;<\/li><li><strong>e)<\/strong> revoca del consenso al trattamento per le finalit\u00e0 di cui ai punti d) e) ed f) del punto 3; l&#8217;esercizio di tale diritto non pregiudica in alcun modo la liceit\u00e0 dei trattamenti svolti prima della revoca;<\/li><li><strong>f)<\/strong> proporre reclamo all&#8217;autorit\u00e0 di controllo competente (per l&#8217;Italia \u00e8 il Garante Privacy, contattabile tramite i dati di contatto riportati sul sito web www.garanteprivacy.it).<br><br>I predetti diritti potranno essere esercitati inviando apposita richiesta al titolare del trattamento mediante i canali di contatto all&#8217;art. 1 della presente informativa anche attraverso gli appositi moduli previsti sul sito internet della societ\u00e0 al link sopra indicato al punto 11. Le richieste relative all&#8217;esercizio dei diritti dell&#8217;utente saranno evase senza ritardo e, in ogni caso, entro un mese dalla domanda.<br><\/li><\/ul><\/li><li><strong>MODIFICHE ALLA PRESENTE INFORMATIVA:<\/strong> la presente informativa pu\u00f2 subire variazioni. Si consiglia, quindi, di controllare regolarmente questa Informativa e di riferirsi alla versione pi\u00f9 aggiornata.<\/li><\/ol>\n\n\n\n<p><\/p>\n\n\n\n<p>BRESCIA, 22 maggio 2018<\/p>\n\n\n\n<p><\/p>\n<\/div><\/div>\n\n\n\n<p><\/p>","protected":false},"excerpt":{"rendered":"<p>Informativa e richiesta di consenso per il trattamento dei dati personali ai sensi e per gli effetti degli articoli 6 e 13 del Regolamento 2016\/670\/UE del Parlamento europeo e del Consiglio del 27 aprile 2016, relativo alla protezione delle persone fisiche con riguardo al trattamento dei dati personali, nonch\u00e9 alla libera circolazione dei dati. IDENTITA&#8217; [&hellip;]<\/p>","protected":false},"author":1,"featured_media":0,"parent":0,"menu_order":0,"comment_status":"closed","ping_status":"closed","template":"","meta":{"footnotes":""},"class_list":["post-1250","page","type-page","status-publish","hentry"],"yoast_head":"<!-- This site is optimized with the Yoast SEO plugin v24.9 - https:\/\/yoast.com\/wordpress\/plugins\/seo\/ -->\n<title>Privacy Policy - Sartoria Soldi<\/title>\n<meta name=\"robots\" content=\"index, follow, max-snippet:-1, max-image-preview:large, max-video-preview:-1\" \/>\n<link rel=\"canonical\" href=\"https:\/\/www.sartoriasoldi.com\/en\/privacy-policy\/\" \/>\n<meta property=\"og:locale\" content=\"en_US\" \/>\n<meta property=\"og:type\" content=\"article\" \/>\n<meta property=\"og:title\" content=\"Privacy Policy - Sartoria Soldi\" \/>\n<meta property=\"og:description\" content=\"Informativa e richiesta di consenso per il trattamento dei dati personali ai sensi e per gli effetti degli articoli 6 e 13 del Regolamento 2016\/670\/UE del Parlamento europeo e del Consiglio del 27 aprile 2016, relativo alla protezione delle persone fisiche con riguardo al trattamento dei dati personali, nonch\u00e9 alla libera circolazione dei dati. IDENTITA&#8217; [&hellip;]\" \/>\n<meta property=\"og:url\" content=\"https:\/\/www.sartoriasoldi.com\/en\/privacy-policy\/\" \/>\n<meta property=\"og:site_name\" content=\"Sartoria Soldi\" \/>\n<meta property=\"article:modified_time\" content=\"2020-12-11T21:53:36+00:00\" \/>\n<meta name=\"twitter:card\" content=\"summary_large_image\" \/>\n<meta name=\"twitter:label1\" content=\"Est. reading time\" \/>\n\t<meta name=\"twitter:data1\" content=\"7 minutes\" \/>\n<script type=\"application\/ld+json\" class=\"yoast-schema-graph\">{\"@context\":\"https:\/\/schema.org\",\"@graph\":[{\"@type\":\"WebPage\",\"@id\":\"https:\/\/www.sartoriasoldi.com\/privacy-policy\/\",\"url\":\"https:\/\/www.sartoriasoldi.com\/privacy-policy\/\",\"name\":\"Privacy Policy - Sartoria Soldi\",\"isPartOf\":{\"@id\":\"https:\/\/www.sartoriasoldi.com\/en\/#website\"},\"datePublished\":\"2020-12-06T11:39:01+00:00\",\"dateModified\":\"2020-12-11T21:53:36+00:00\",\"breadcrumb\":{\"@id\":\"https:\/\/www.sartoriasoldi.com\/privacy-policy\/#breadcrumb\"},\"inLanguage\":\"en-US\",\"potentialAction\":[{\"@type\":\"ReadAction\",\"target\":[\"https:\/\/www.sartoriasoldi.com\/privacy-policy\/\"]}]},{\"@type\":\"BreadcrumbList\",\"@id\":\"https:\/\/www.sartoriasoldi.com\/privacy-policy\/#breadcrumb\",\"itemListElement\":[{\"@type\":\"ListItem\",\"position\":1,\"name\":\"Home\",\"item\":\"https:\/\/www.sartoriasoldi.com\/en\/\"},{\"@type\":\"ListItem\",\"position\":2,\"name\":\"Privacy Policy\"}]},{\"@type\":\"WebSite\",\"@id\":\"https:\/\/www.sartoriasoldi.com\/en\/#website\",\"url\":\"https:\/\/www.sartoriasoldi.com\/en\/\",\"name\":\"Sartoria Soldi\",\"description\":\"Abiti su Misura\",\"potentialAction\":[{\"@type\":\"SearchAction\",\"target\":{\"@type\":\"EntryPoint\",\"urlTemplate\":\"https:\/\/www.sartoriasoldi.com\/en\/?s={search_term_string}\"},\"query-input\":{\"@type\":\"PropertyValueSpecification\",\"valueRequired\":true,\"valueName\":\"search_term_string\"}}],\"inLanguage\":\"en-US\"}]}<\/script>\n<!-- \/ Yoast SEO plugin. -->","yoast_head_json":{"title":"Privacy Policy - Sartoria Soldi","robots":{"index":"index","follow":"follow","max-snippet":"max-snippet:-1","max-image-preview":"max-image-preview:large","max-video-preview":"max-video-preview:-1"},"canonical":"https:\/\/www.sartoriasoldi.com\/en\/privacy-policy\/","og_locale":"en_US","og_type":"article","og_title":"Privacy Policy - Sartoria Soldi","og_description":"Informativa e richiesta di consenso per il trattamento dei dati personali ai sensi e per gli effetti degli articoli 6 e 13 del Regolamento 2016\/670\/UE del Parlamento europeo e del Consiglio del 27 aprile 2016, relativo alla protezione delle persone fisiche con riguardo al trattamento dei dati personali, nonch\u00e9 alla libera circolazione dei dati. IDENTITA&#8217; [&hellip;]","og_url":"https:\/\/www.sartoriasoldi.com\/en\/privacy-policy\/","og_site_name":"Sartoria Soldi","article_modified_time":"2020-12-11T21:53:36+00:00","twitter_card":"summary_large_image","twitter_misc":{"Est. reading time":"7 minutes"},"schema":{"@context":"https:\/\/schema.org","@graph":[{"@type":"WebPage","@id":"https:\/\/www.sartoriasoldi.com\/privacy-policy\/","url":"https:\/\/www.sartoriasoldi.com\/privacy-policy\/","name":"Privacy Policy - Sartoria Soldi","isPartOf":{"@id":"https:\/\/www.sartoriasoldi.com\/en\/#website"},"datePublished":"2020-12-06T11:39:01+00:00","dateModified":"2020-12-11T21:53:36+00:00","breadcrumb":{"@id":"https:\/\/www.sartoriasoldi.com\/privacy-policy\/#breadcrumb"},"inLanguage":"en-US","potentialAction":[{"@type":"ReadAction","target":["https:\/\/www.sartoriasoldi.com\/privacy-policy\/"]}]},{"@type":"BreadcrumbList","@id":"https:\/\/www.sartoriasoldi.com\/privacy-policy\/#breadcrumb","itemListElement":[{"@type":"ListItem","position":1,"name":"Home","item":"https:\/\/www.sartoriasoldi.com\/en\/"},{"@type":"ListItem","position":2,"name":"Privacy Policy"}]},{"@type":"WebSite","@id":"https:\/\/www.sartoriasoldi.com\/en\/#website","url":"https:\/\/www.sartoriasoldi.com\/en\/","name":"Sartoria Soldi","description":"Abiti su Misura","potentialAction":[{"@type":"SearchAction","target":{"@type":"EntryPoint","urlTemplate":"https:\/\/www.sartoriasoldi.com\/en\/?s={search_term_string}"},"query-input":{"@type":"PropertyValueSpecification","valueRequired":true,"valueName":"search_term_string"}}],"inLanguage":"en-US"}]}},"_links":{"self":[{"href":"https:\/\/www.sartoriasoldi.com\/en\/wp-json\/wp\/v2\/pages\/1250","targetHints":{"allow":["GET"]}}],"collection":[{"href":"https:\/\/www.sartoriasoldi.com\/en\/wp-json\/wp\/v2\/pages"}],"about":[{"href":"https:\/\/www.sartoriasoldi.com\/en\/wp-json\/wp\/v2\/types\/page"}],"author":[{"embeddable":true,"href":"https:\/\/www.sartoriasoldi.com\/en\/wp-json\/wp\/v2\/users\/1"}],"replies":[{"embeddable":true,"href":"https:\/\/www.sartoriasoldi.com\/en\/wp-json\/wp\/v2\/comments?post=1250"}],"version-history":[{"count":11,"href":"https:\/\/www.sartoriasoldi.com\/en\/wp-json\/wp\/v2\/pages\/1250\/revisions"}],"predecessor-version":[{"id":1279,"href":"https:\/\/www.sartoriasoldi.com\/en\/wp-json\/wp\/v2\/pages\/1250\/revisions\/1279"}],"wp:attachment":[{"href":"https:\/\/www.sartoriasoldi.com\/en\/wp-json\/wp\/v2\/media?parent=1250"}],"curies":[{"name":"wp","href":"https:\/\/api.w.org\/{rel}","templated":true}]}}